{"id":9,"date":"2020-10-20T17:06:11","date_gmt":"2020-10-20T15:06:11","guid":{"rendered":"http:\/\/fewo-dorgendorf.de\/?page_id=9"},"modified":"2020-11-11T00:04:54","modified_gmt":"2020-11-10T23:04:54","slug":"startseite","status":"publish","type":"page","link":"https:\/\/fewo-dorgendorf.de\/","title":{"rendered":"Startseite"},"content":{"rendered":"\r\n<p>Gem\u00fctliches Ferienhaus in ruhiger Lage in einem 2020 neu sanierten Bauernhof. \u00a0Mit zwei Schlafzimmern und Gartenbenutzung.<br \/><br \/>Nur 15 km von Bamberg entfernt ist Dorgendorf der perfekte Ausgangspunkt um die Weltkulturerbestadt zu erkunden.<br \/><br \/>Die ruhige Ferienwohnung liegt in einem Ortsteil, 4 km von Baunach entfernt.\u00a0Ob Sie die vielen Freizeitm\u00f6glichkeiten der Genussregion Oberfranken nutzen wollen oder die nahen Hassberge erkunden &#8211; hier wohnen und erholen Sie sich mitten drin.<br \/><br \/>Viele Sehensw\u00fcrdigkeiten wie Vierzehnheiligen oder Kloster Banz sind nach wenigen Fahrminuten zu erreichen. Einen Wellnesstag k\u00f6nnen Sie in der naheliegenden Obermain Therme Bad Staffelstein verbringen. Auch ganz in der N\u00e4he befindet sich ein Kajak- und Kanuverleih f\u00fcr Touren auf dem Main und auf der Itz. Kletterfreunde haben es nicht weit in die Fr\u00e4nkische Schweiz und Fahrradfahrer finden viele Radtouren durch die ganze Region.<br \/><br \/>In unmittelbarer N\u00e4he finden Sie den Golfclub Hassberge, Golfclub Bamberg und die Golfanlage Gut Leimershof.<\/p>\r\n\r\n\r\n\r\n<p>&nbsp;<\/p>\r\n","protected":false},"excerpt":{"rendered":"<p>Gem\u00fctliches Ferienhaus in ruhiger Lage in einem 2020 neu sanierten Bauernhof. \u00a0Mit zwei Schlafzimmern und Gartenbenutzung. Nur 15 km von Bamberg entfernt ist Dorgendorf der perfekte Ausgangspunkt um die Weltkulturerbestadt zu erkunden. Die ruhige Ferienwohnung liegt in einem Ortsteil, 4 km von Baunach entfernt.\u00a0Ob Sie die vielen Freizeitm\u00f6glichkeiten der Genussregion Oberfranken nutzen wollen oder die &hellip; <\/p>\n<p class=\"link-more\"><a href=\"https:\/\/fewo-dorgendorf.de\/\" class=\"more-link\"><span class=\"screen-reader-text\">\u201eStartseite\u201c<\/span> weiterlesen<\/a><\/p>\n","protected":false},"author":1,"featured_media":0,"parent":0,"menu_order":0,"comment_status":"closed","ping_status":"closed","template":"","meta":[],"_links":{"self":[{"href":"https:\/\/fewo-dorgendorf.de\/index.php?rest_route=\/wp\/v2\/pages\/9"}],"collection":[{"href":"https:\/\/fewo-dorgendorf.de\/index.php?rest_route=\/wp\/v2\/pages"}],"about":[{"href":"https:\/\/fewo-dorgendorf.de\/index.php?rest_route=\/wp\/v2\/types\/page"}],"author":[{"embeddable":true,"href":"https:\/\/fewo-dorgendorf.de\/index.php?rest_route=\/wp\/v2\/users\/1"}],"replies":[{"embeddable":true,"href":"https:\/\/fewo-dorgendorf.de\/index.php?rest_route=%2Fwp%2Fv2%2Fcomments&post=9"}],"version-history":[{"count":5,"href":"https:\/\/fewo-dorgendorf.de\/index.php?rest_route=\/wp\/v2\/pages\/9\/revisions"}],"predecessor-version":[{"id":167,"href":"https:\/\/fewo-dorgendorf.de\/index.php?rest_route=\/wp\/v2\/pages\/9\/revisions\/167"}],"wp:attachment":[{"href":"https:\/\/fewo-dorgendorf.de\/index.php?rest_route=%2Fwp%2Fv2%2Fmedia&parent=9"}],"curies":[{"name":"wp","href":"https:\/\/api.w.org\/{rel}","templated":true}]}}